{"id":64,"date":"2017-09-17T11:26:04","date_gmt":"2017-09-17T09:26:04","guid":{"rendered":"http:\/\/hardycoaching.fr\/?page_id=64"},"modified":"2022-08-08T14:19:12","modified_gmt":"2022-08-08T12:19:12","slug":"contact","status":"publish","type":"page","link":"http:\/\/hardycoaching.fr\/index.php\/contact\/","title":{"rendered":"MON PARCOURS DONNE DU SENS A VOS PROJETS"},"content":{"rendered":"<h1>B\u00e9n\u00e9ficiez d&rsquo;une expertise de plus de 25 ans dans la <strong>communication et la dynamique de projets.<\/strong><\/h1>\n<h3>Pourquoi vous proposer mon expertise aujourd&rsquo;hui ?<\/h3>\n<h1>Durant mon parcours professionnel, j&rsquo;ai aiguis\u00e9 mes capacit\u00e9s d&rsquo;\u00e9coute, d&rsquo;analyse et de m\u00e9diation. Reconnue calme et structur\u00e9e, je peux accompagner des situations de crise et faciliter l&rsquo;acceptation de sujets sensibles, en interne comme en externe.<\/h1>\n<h3><em>M\u00eame si tout le monde conna\u00eet le num\u00e9ro d&rsquo;appel des pompiers, personne ne souhaite en avoir besoin!<\/em><\/h3>\n<h3><em>La pr\u00e9vention des risques passe par la prise de pr\u00e9cautions afin d&rsquo;\u00e9viter les catastrophes.<\/em><\/h3>\n<h1>Ainsi, de plus en plus de dirigeants ont compris que l&rsquo;anticipation permet de gagner du temps et de l&rsquo;argent. <strong>J&rsquo;accompagne donc les projets strat\u00e9giques<\/strong> pour favoriser la compr\u00e9hension des situations par les parties prenantes et f\u00e9d\u00e9rer autour de la r\u00e9ussite collective; en cherchant toujours \u00e0 <strong>donner du sens<\/strong> pour obtenir <a href=\"http:\/\/hardycoaching.fr\/index.php\/2017\/09\/16\/la-reconnaissance-est-essentielle\/\"><strong>l&rsquo;engagement des acteurs<\/strong><\/a>.<\/h1>\n<h3><em>Mais un pompier ne fait pas qu&rsquo;\u00e9teindre le feu ; apr\u00e8s l&rsquo;incident, il s&rsquo;inqui\u00e8te des individus d&rsquo;une part, s\u00e9curise le p\u00e9rim\u00e8tre d&rsquo;autre part, mais aussi va analyser les circonstances de l&rsquo;incendie pour \u00e9viter qu&rsquo;il ne se reproduise et apprendre de cette terrible exp\u00e9rience.<\/em><\/h3>\n<h1>Mon accompagnement permet \u00e0 chacun d<a href=\"http:\/\/hardycoaching.fr\/index.php\/2017\/09\/15\/le-courage-du-coaching\/\">&lsquo;identifier ses potentiels<\/a> pour \u00eatre autonome et manager la r\u00e9solution de ses probl\u00e9matiques dans la p\u00e9rennit\u00e9.<\/h1>\n<h1>En plus du conseil, ma posture de coach professionnelle certifi\u00e9e me permet de construire des <a href=\"http:\/\/hardycoaching.fr\/index.php\/accompagnement-personnalise\/\">parcours d&rsquo;accompagnement manag\u00e9riaux <\/a>sur mesure et personnalis\u00e9s. Je m&rsquo;adapte aux Hommes qui doivent <a href=\"http:\/\/hardycoaching.fr\/\"><strong>construire leur succ\u00e8s<\/strong><\/a> dans des organisations qui changent souvent et vite.<\/h1>\n<h2>Mon exp\u00e9rience m&rsquo;offre une connaissance de secteurs vari\u00e9s : industrie, environnement, grande distribution, BTP, services, artisanat, collectivit\u00e9s locales et institutions.<\/h2>\n<p><img loading=\"lazy\" class=\"alignnone size-medium wp-image-5\" src=\"http:\/\/hardycoaching.fr\/wp-content\/uploads\/2017\/09\/cropped-logoCecileHardy-300x116.png\" alt=\"coaching\" width=\"300\" height=\"116\" srcset=\"http:\/\/hardycoaching.fr\/wp-content\/uploads\/2017\/09\/cropped-logoCecileHardy-300x116.png 300w, http:\/\/hardycoaching.fr\/wp-content\/uploads\/2017\/09\/cropped-logoCecileHardy-768x298.png 768w, http:\/\/hardycoaching.fr\/wp-content\/uploads\/2017\/09\/cropped-logoCecileHardy-1024x397.png 1024w\" sizes=\"(max-width: 300px) 100vw, 300px\" \/><\/p>\n<p><img loading=\"lazy\" class=\"size-medium wp-image-252 aligncenter\" src=\"http:\/\/hardycoaching.fr\/wp-content\/uploads\/2017\/11\/debout-2-219x300.jpg\" alt=\"coaching management\" width=\"219\" height=\"300\" srcset=\"http:\/\/hardycoaching.fr\/wp-content\/uploads\/2017\/11\/debout-2-219x300.jpg 219w, http:\/\/hardycoaching.fr\/wp-content\/uploads\/2017\/11\/debout-2-768x1052.jpg 768w, http:\/\/hardycoaching.fr\/wp-content\/uploads\/2017\/11\/debout-2-748x1024.jpg 748w\" sizes=\"(max-width: 219px) 100vw, 219px\" \/><\/p>\n<p>[ninja_form id=1]<\/p>\n","protected":false},"excerpt":{"rendered":"<p>B\u00e9n\u00e9ficiez d&rsquo;une expertise de plus de 25 ans dans la communication et la dynamique de projets. Pourquoi vous proposer mon expertise aujourd&rsquo;hui ? Durant mon parcours professionnel, j&rsquo;ai aiguis\u00e9 mes capacit\u00e9s d&rsquo;\u00e9coute, d&rsquo;analyse et de m\u00e9diation. Reconnue calme et structur\u00e9e, je peux accompagner des situations de crise et faciliter l&rsquo;acceptation de sujets sensibles, en interne comme en externe. M\u00eame si tout le monde conna\u00eet le num\u00e9ro d&rsquo;appel des pompiers, personne ne souhaite en avoir besoin! La pr\u00e9vention des risques passe par la prise de pr\u00e9cautions afin d&rsquo;\u00e9viter les catastrophes. Ainsi, de plus en plus de dirigeants ont compris que l&rsquo;anticipation permet de gagner du temps et de l&rsquo;argent. J&rsquo;accompagne donc&hellip; <a class=\"read-more\" href=\"http:\/\/hardycoaching.fr\/index.php\/contact\/\">Montrer plus<\/a><\/p>\n","protected":false},"author":1,"featured_media":0,"parent":0,"menu_order":0,"comment_status":"closed","ping_status":"closed","template":"","meta":[],"_links":{"self":[{"href":"http:\/\/hardycoaching.fr\/index.php\/wp-json\/wp\/v2\/pages\/64"}],"collection":[{"href":"http:\/\/hardycoaching.fr\/index.php\/wp-json\/wp\/v2\/pages"}],"about":[{"href":"http:\/\/hardycoaching.fr\/index.php\/wp-json\/wp\/v2\/types\/page"}],"author":[{"embeddable":true,"href":"http:\/\/hardycoaching.fr\/index.php\/wp-json\/wp\/v2\/users\/1"}],"replies":[{"embeddable":true,"href":"http:\/\/hardycoaching.fr\/index.php\/wp-json\/wp\/v2\/comments?post=64"}],"version-history":[{"count":19,"href":"http:\/\/hardycoaching.fr\/index.php\/wp-json\/wp\/v2\/pages\/64\/revisions"}],"predecessor-version":[{"id":22633,"href":"http:\/\/hardycoaching.fr\/index.php\/wp-json\/wp\/v2\/pages\/64\/revisions\/22633"}],"wp:attachment":[{"href":"http:\/\/hardycoaching.fr\/index.php\/wp-json\/wp\/v2\/media?parent=64"}],"curies":[{"name":"wp","href":"https:\/\/api.w.org\/{rel}","templated":true}]}}