{"id":1757,"date":"2020-06-26T15:49:34","date_gmt":"2020-06-26T13:49:34","guid":{"rendered":"http:\/\/hardycoaching.fr\/?page_id=1757"},"modified":"2022-08-08T12:31:58","modified_gmt":"2022-08-08T10:31:58","slug":"dialogue-social-rps","status":"publish","type":"page","link":"https:\/\/hardycoaching.fr\/index.php\/dialogue-social-rps\/","title":{"rendered":"DIALOGUE SOCIAL et RPS"},"content":{"rendered":"\n<h2>HARDY COACHING est un organisme de formation r\u00e9f\u00e9renc\u00e9 Dialogue Social par le <a href=\"https:\/\/travail-emploi.gouv.fr\/sante-au-travail\/prevention-des-risques-pour-la-sante-au-travail\/article\/risques-psychosociaux\">Minist\u00e8re du Travail<\/a> et  l&rsquo;<a href=\"http:\/\/formatdialogue.intefp.fr\/\">INTEFP, Institut National du travail de l&#8217;emploi et de la formation professionnelle<\/a>.<\/h2>\n\n\n\n<h2><strong>Un concept in\u00e9dit pour dynamiser le dialogue social.<\/strong><br>Cr\u00e9er les conditions d\u2019un \u00e9change constructif et d\u2019une meilleure compr\u00e9hension de chacune des deux parties prenantes du dialogue social, c\u2019est l\u2019ambition des formations communes Format Dialogue. <\/h2>\n\n\n\n<h2>Parce que confronter les points de vue et construire la confiance contribue \u00e0 la <a href=\"http:\/\/hardycoaching.fr\/index.php\/2018\/06\/02\/qvt-et-rps-au-coeur-de-la-performance\/\">performance \u00e9conomique<\/a>, et \u00e0 l\u2019am\u00e9lioration de la qualit\u00e9 des relations dans nos entreprises.<\/h2>\n\n\n\n<p><\/p>\n\n\n\n<h2><strong>Une p\u00e9dagogie innovante centr\u00e9e sur la relation<\/strong> :<\/h2>\n\n\n\n<h2><br>&#8211; Une animation permettant de garantir la diversit\u00e9 des points de vue et de valoriser l\u2019exp\u00e9rience des participants. <\/h2>\n\n\n\n<h2>&#8211; Des outils de travail collaboratifs bas\u00e9s sur l\u2019interactivit\u00e9 et l\u2019\u00e9coute active. <\/h2>\n\n\n\n<h2>&#8211; Une composition \u00e9quilibr\u00e9e entre employeurs et salari\u00e9s. <br><\/h2>\n\n\n\n<p><\/p>\n\n\n\n<p><\/p>\n\n\n\n<h2><strong>LES RISQUES PSYCHOSOCIAUX<\/strong><\/h2>\n\n\n\n<h2>Les risques psychosociaux sont d\u00e9finis comme un risque pour la sant\u00e9 physique et mentale des travailleurs. Ils rel\u00e8vent de la responsabilit\u00e9 de l&#8217;employeur. Leurs causes sont \u00e0 rechercher \u00e0 la fois dans les conditions d\u2019emploi, les facteurs li\u00e9s \u00e0 l\u2019organisation du travail et aux relations de travail. Ils peuvent concerner toutes les entreprises, quel que soient leur taille et leur secteur d\u2019activit\u00e9.&nbsp;<\/h2>\n\n\n\n<h2><strong>D\u00e9veloppez la qualit\u00e9 de vie au travail et donc la qualit\u00e9 du travail et la performance de votre entreprise !<\/strong><\/h2>\n\n\n\n<h2>Je vous propose une d\u00e9marche structur\u00e9e et sur-mesure pour \u00e9valuer les facteurs de RPS, leurs sources, co-construire un plan d&rsquo;actions r\u00e9aliste et r\u00e9alisable, piloter son efficacit\u00e9 collective dans la p\u00e9rennit\u00e9.<\/h2>\n\n\n\n<h2>Bosstez la <a href=\"http:\/\/hardycoaching.fr\/index.php\/2019\/02\/19\/qvt-booster-lhumeur-de-vos-collaborateurs\/\">qualit\u00e9 de vie au travail<\/a> de vos collaborateurs !<\/h2>\n\n\n\n<h2> <\/h2>\n\n\n\n<h2><em><a href=\"http:\/\/hardycoaching.fr\/index.php\/2018\/04\/29\/qvt-bienveillance-et-gouvernance\/\">C&rsquo;est l&rsquo;engagement des hommes qui fait la diff\u00e9rence dans la r\u00e9ussite des projets.<\/a><\/em><\/h2>\n\n\n\n<p><a href=\"http:\/\/hardycoaching.fr\/wp-content\/uploads\/2020\/07\/pr\u00e9sentation-HARDY-COACHING.pdf\">T\u00e9l\u00e9chargez la plaquette ici<\/a><\/p>\n","protected":false},"excerpt":{"rendered":"<p>HARDY COACHING est un organisme de formation r\u00e9f\u00e9renc\u00e9 Dialogue Social par le Minist\u00e8re du Travail et l&rsquo;INTEFP, Institut National du travail de l&#8217;emploi et de la formation professionnelle. Un concept in\u00e9dit pour dynamiser le dialogue social.Cr\u00e9er les conditions d\u2019un \u00e9change constructif et d\u2019une meilleure compr\u00e9hension de chacune des deux parties prenantes du dialogue social, c\u2019est l\u2019ambition des formations communes Format Dialogue. Parce que confronter les points de vue et construire la confiance contribue \u00e0 la performance \u00e9conomique, et \u00e0 l\u2019am\u00e9lioration de la qualit\u00e9 des relations dans nos entreprises. Une p\u00e9dagogie innovante centr\u00e9e sur la relation : &#8211; Une animation permettant de garantir la diversit\u00e9 des points de vue et de&hellip; <a class=\"read-more\" href=\"https:\/\/hardycoaching.fr\/index.php\/dialogue-social-rps\/\">Montrer plus<\/a><\/p>\n","protected":false},"author":1,"featured_media":1758,"parent":0,"menu_order":0,"comment_status":"closed","ping_status":"closed","template":"","meta":[],"_links":{"self":[{"href":"https:\/\/hardycoaching.fr\/index.php\/wp-json\/wp\/v2\/pages\/1757"}],"collection":[{"href":"https:\/\/hardycoaching.fr\/index.php\/wp-json\/wp\/v2\/pages"}],"about":[{"href":"https:\/\/hardycoaching.fr\/index.php\/wp-json\/wp\/v2\/types\/page"}],"author":[{"embeddable":true,"href":"https:\/\/hardycoaching.fr\/index.php\/wp-json\/wp\/v2\/users\/1"}],"replies":[{"embeddable":true,"href":"https:\/\/hardycoaching.fr\/index.php\/wp-json\/wp\/v2\/comments?post=1757"}],"version-history":[{"count":11,"href":"https:\/\/hardycoaching.fr\/index.php\/wp-json\/wp\/v2\/pages\/1757\/revisions"}],"predecessor-version":[{"id":22627,"href":"https:\/\/hardycoaching.fr\/index.php\/wp-json\/wp\/v2\/pages\/1757\/revisions\/22627"}],"wp:featuredmedia":[{"embeddable":true,"href":"https:\/\/hardycoaching.fr\/index.php\/wp-json\/wp\/v2\/media\/1758"}],"wp:attachment":[{"href":"https:\/\/hardycoaching.fr\/index.php\/wp-json\/wp\/v2\/media?parent=1757"}],"curies":[{"name":"wp","href":"https:\/\/api.w.org\/{rel}","templated":true}]}}