{"id":192,"date":"2017-09-27T17:07:45","date_gmt":"2017-09-27T15:07:45","guid":{"rendered":"http:\/\/hardycoaching.fr\/?page_id=192"},"modified":"2022-08-08T15:15:37","modified_gmt":"2022-08-08T13:15:37","slug":"comment-construire-son-succes","status":"publish","type":"page","link":"https:\/\/hardycoaching.fr\/index.php\/comment-construire-son-succes\/","title":{"rendered":"COACHING INDIVIDUEL ET D&rsquo;EQUIPE"},"content":{"rendered":"<h1><strong>COMMENT CONSTRUIRE SON SUCCES ?<\/strong><\/h1>\n<h1 style=\"text-align: right;\"><strong>&#8230; ET SA PERFORMANCE ?<\/strong><\/h1>\n<h2>Pour y r\u00e9pondre, je vais d&rsquo;abord r\u00e9pondre \u00e0 une autre question ;\u00a0 Qu&rsquo;est ce que le coaching ?<\/h2>\n<h2>C&rsquo;est un <a href=\"http:\/\/hardycoaching.fr\/index.php\/accompagnement-personnalise\/\">processus structur\u00e9<\/a> de telle fa\u00e7on qu&rsquo;il permette \u00e0 une personne ou \u00e0 une \u00e9quipe de d\u00e9velopper son potentiel et d&rsquo;augmenter son niveau de performance.<\/h2>\n<h2>Dans un environnement enti\u00e8rement confidentiel, le coach aide son client \u00e0 lever les obstacles qui le freinent et lui donne des challenges qui vont lui permettre d&rsquo;atteindre de nouveaux niveaux de r\u00e9ussite.<\/h2>\n<h2>Le coach joue le r\u00f4le de <a href=\"http:\/\/hardycoaching.fr\/index.php\/2017\/09\/22\/changement-les-5-cles-du-succes\/\">catalyseur du changement<\/a>.<\/h2>\n<h1><strong>Alors en quoi le coaching vous aide \u00e0 construire votre succ\u00e8s ?<\/strong><\/h1>\n<h2>En coaching, je cr\u00e9\u00e9 une alliance con\u00e7ue pour accompagner le dirigeant ou son \u00e9quipe vers le meilleur niveau de r\u00e9ussite ;<\/h2>\n<ul>\n<li>\n<h2>d\u00e9finir les objectifs r\u00e9alistes et r\u00e9alisables \u00e0 atteindre<\/h2>\n<\/li>\n<li>\n<h2>prendre conscience et <a href=\"http:\/\/hardycoaching.fr\/index.php\/2017\/09\/26\/managers-trouvez-votre-point-genial\/\">r\u00e9v\u00e9ler les ressources propres \u00e0 chacun<\/a>, pour mieux les utiliser<\/h2>\n<\/li>\n<li>\n<h2>\u00e9laborer les strat\u00e9gies, tactiques et plans d&rsquo;actions op\u00e9rationnels<\/h2>\n<\/li>\n<li>\n<h2>identifier les cl\u00e9s de r\u00e9ussite<\/h2>\n<\/li>\n<li>\n<h2>augmenter le niveau de performance en \u00e9tant challeng\u00e9 sur la mise en actions<\/h2>\n<\/li>\n<li>\n<h2>gagner en autonomie pour p\u00e9renniser votre r\u00e9ussite<\/h2>\n<\/li>\n<\/ul>\n<h2><strong>Gr\u00e2ce au coaching, le dirigeant ou le manager peut mieux d\u00e9finir ses objectifs, entrer d&rsquo;avantage dans l&rsquo;action, prendre de meilleures d\u00e9cisions et utiliser pleinement ses ressources.<\/strong><\/h2>\n<h1><strong>Envie de <a href=\"http:\/\/hardycoaching.fr\/index.php\/accompagnement-personnalise\/\">construire votre succ\u00e8s<\/a> ?<\/strong><\/h1>\n","protected":false},"excerpt":{"rendered":"<p>COMMENT CONSTRUIRE SON SUCCES ? &#8230; ET SA PERFORMANCE ? Pour y r\u00e9pondre, je vais d&rsquo;abord r\u00e9pondre \u00e0 une autre question ;\u00a0 Qu&rsquo;est ce que le coaching ? C&rsquo;est un processus structur\u00e9 de telle fa\u00e7on qu&rsquo;il permette \u00e0 une personne ou \u00e0 une \u00e9quipe de d\u00e9velopper son potentiel et d&rsquo;augmenter son niveau de performance. Dans un environnement enti\u00e8rement confidentiel, le coach aide son client \u00e0 lever les obstacles qui le freinent et lui donne des challenges qui vont lui permettre d&rsquo;atteindre de nouveaux niveaux de r\u00e9ussite. Le coach joue le r\u00f4le de catalyseur du changement. Alors en quoi le coaching vous aide \u00e0 construire votre succ\u00e8s ? En coaching, je&hellip; <a class=\"read-more\" href=\"https:\/\/hardycoaching.fr\/index.php\/comment-construire-son-succes\/\">Montrer plus<\/a><\/p>\n","protected":false},"author":1,"featured_media":0,"parent":0,"menu_order":0,"comment_status":"closed","ping_status":"closed","template":"","meta":[],"_links":{"self":[{"href":"https:\/\/hardycoaching.fr\/index.php\/wp-json\/wp\/v2\/pages\/192"}],"collection":[{"href":"https:\/\/hardycoaching.fr\/index.php\/wp-json\/wp\/v2\/pages"}],"about":[{"href":"https:\/\/hardycoaching.fr\/index.php\/wp-json\/wp\/v2\/types\/page"}],"author":[{"embeddable":true,"href":"https:\/\/hardycoaching.fr\/index.php\/wp-json\/wp\/v2\/users\/1"}],"replies":[{"embeddable":true,"href":"https:\/\/hardycoaching.fr\/index.php\/wp-json\/wp\/v2\/comments?post=192"}],"version-history":[{"count":8,"href":"https:\/\/hardycoaching.fr\/index.php\/wp-json\/wp\/v2\/pages\/192\/revisions"}],"predecessor-version":[{"id":22642,"href":"https:\/\/hardycoaching.fr\/index.php\/wp-json\/wp\/v2\/pages\/192\/revisions\/22642"}],"wp:attachment":[{"href":"https:\/\/hardycoaching.fr\/index.php\/wp-json\/wp\/v2\/media?parent=192"}],"curies":[{"name":"wp","href":"https:\/\/api.w.org\/{rel}","templated":true}]}}