{"id":22,"date":"2017-09-15T17:33:51","date_gmt":"2017-09-15T15:33:51","guid":{"rendered":"http:\/\/hardycoaching.fr\/?page_id=22"},"modified":"2022-08-08T15:11:17","modified_gmt":"2022-08-08T13:11:17","slug":"success-management","status":"publish","type":"page","link":"https:\/\/hardycoaching.fr\/","title":{"rendered":"SUCCESS MANAGEMENT : Construire votre succ\u00e8s"},"content":{"rendered":"<h1><strong><a href=\"http:\/\/hardycoaching.fr\/index.php\/contact\/\">CONSTRUIRE LE SUCCES<\/a> des dirigeants, managers et de leurs <a href=\"http:\/\/hardycoaching.fr\/index.php\/2017\/09\/16\/la-reconnaissance-est-essentielle\/\">\u00e9quipes <\/a>pour gagner en performance et atteindre les <a href=\"http:\/\/hardycoaching.fr\/index.php\/2017\/09\/16\/la-reconnaissance-est-essentielle\/\">objectifs <\/a>plus rapidement.<\/strong><\/h1>\n<h2>Pour vivre, toute entreprise doit innover et d\u00e9velopper sans cesse de nouveaux projets. La<strong> dynamique <\/strong>du changement est de votre responsabilit\u00e9. Tout comme le d\u00e9veloppement des comp\u00e9tences et <strong>softskills<\/strong> de vos collaborateurs !<\/h2>\n<h3>Mais annoncer un projet ne suffit pas \u00e0 obtenir <a href=\"http:\/\/hardycoaching.fr\/index.php\/2017\/09\/16\/la-reconnaissance-est-essentielle\/\">l&rsquo;engagement <\/a>et la mobilisation de vos collaborateurs.<\/h3>\n<h2><em><strong>Vous devez r\u00e9unir les conditions de r\u00e9ussite optimales, afin d&rsquo;aboutir plus rapidement au succ\u00e8s.<\/strong><\/em><\/h2>\n<h3>Toutefois, vous avez une entreprise \u00e0 diriger, des objectifs \u00e0 tenir, de nombreux projets \u00e0 piloter, des \u00e9quipes \u00e0 g\u00e9rer sur le terrain, des besoins clients \u00e0 satisfaire au quotidien, un environnement social et soci\u00e9tal \u00e0 respecter, mais aussi une sant\u00e9 et une vie de famille&#8230;<\/h3>\n<h2>Vous souhaitez<\/h2>\n<ul>\n<li>\n<h2>d\u00e9velopper votre entreprise et r\u00e9ussir vos objectifs<\/h2>\n<\/li>\n<li>\n<h2>d\u00e9velopper un projet collaboratif ou d&rsquo;innovation<\/h2>\n<\/li>\n<li>\n<h2>optimiser la performance et l&rsquo;engagement de vos \u00e9quipes<\/h2>\n<\/li>\n<li>\n<h2>pr\u00e9parer un changement en toute confiance<\/h2>\n<\/li>\n<\/ul>\n<h2><strong>Construire votre succ\u00e8s<\/strong>, c&rsquo;est<\/h2>\n<ul>\n<li>\n<h2><em><strong>REVELER<\/strong> <\/em>et prendre conscience de vos <strong>forces<\/strong> et des potentiels de vos \u00e9quipes, pour actionner les meilleurs leviers,<\/h2>\n<\/li>\n<li>\n<h2><em><strong>ACCELERER<\/strong> <\/em>les d\u00e9cisions pour cr\u00e9er les conditions de <strong>r\u00e9ussite<\/strong>,<\/h2>\n<\/li>\n<li>\n<h2><em><strong>STIMULER<\/strong> <\/em>la mise en actions vers des <strong>r\u00e9sultats<\/strong> r\u00e9alistes et r\u00e9alisables.<\/h2>\n<\/li>\n<\/ul>\n<h3>Finalement, la dynamique doit \u00eatre p\u00e9renne : vous et votre \u00e9quipe trouvez vos cl\u00e9s de r\u00e9ussite pour \u00eatre <strong>autonomes<\/strong>.<\/h3>\n<p><a href=\"http:\/\/hardycoaching.fr\/wp-content\/uploads\/2020\/07\/pr\u00e9sentation-HARDY-COACHING.pdf\">T\u00e9l\u00e9chargez la plaquette ici<\/a><\/p>\n\n\n<p><\/p>\n","protected":false},"excerpt":{"rendered":"<p>CONSTRUIRE LE SUCCES des dirigeants, managers et de leurs \u00e9quipes pour gagner en performance et atteindre les objectifs plus rapidement. Pour vivre, toute entreprise doit innover et d\u00e9velopper sans cesse de nouveaux projets. La dynamique du changement est de votre responsabilit\u00e9. Tout comme le d\u00e9veloppement des comp\u00e9tences et softskills de vos collaborateurs ! Mais annoncer un projet ne suffit pas \u00e0 obtenir l&rsquo;engagement et la mobilisation de vos collaborateurs. Vous devez r\u00e9unir les conditions de r\u00e9ussite optimales, afin d&rsquo;aboutir plus rapidement au succ\u00e8s. Toutefois, vous avez une entreprise \u00e0 diriger, des objectifs \u00e0 tenir, de nombreux projets \u00e0 piloter, des \u00e9quipes \u00e0 g\u00e9rer sur le terrain, des besoins clients \u00e0&hellip; <a class=\"read-more\" href=\"https:\/\/hardycoaching.fr\/\">Montrer plus<\/a><\/p>\n","protected":false},"author":1,"featured_media":0,"parent":0,"menu_order":0,"comment_status":"closed","ping_status":"closed","template":"","meta":[],"_links":{"self":[{"href":"https:\/\/hardycoaching.fr\/index.php\/wp-json\/wp\/v2\/pages\/22"}],"collection":[{"href":"https:\/\/hardycoaching.fr\/index.php\/wp-json\/wp\/v2\/pages"}],"about":[{"href":"https:\/\/hardycoaching.fr\/index.php\/wp-json\/wp\/v2\/types\/page"}],"author":[{"embeddable":true,"href":"https:\/\/hardycoaching.fr\/index.php\/wp-json\/wp\/v2\/users\/1"}],"replies":[{"embeddable":true,"href":"https:\/\/hardycoaching.fr\/index.php\/wp-json\/wp\/v2\/comments?post=22"}],"version-history":[{"count":15,"href":"https:\/\/hardycoaching.fr\/index.php\/wp-json\/wp\/v2\/pages\/22\/revisions"}],"predecessor-version":[{"id":22640,"href":"https:\/\/hardycoaching.fr\/index.php\/wp-json\/wp\/v2\/pages\/22\/revisions\/22640"}],"wp:attachment":[{"href":"https:\/\/hardycoaching.fr\/index.php\/wp-json\/wp\/v2\/media?parent=22"}],"curies":[{"name":"wp","href":"https:\/\/api.w.org\/{rel}","templated":true}]}}