{"id":354,"date":"2018-02-15T18:22:32","date_gmt":"2018-02-15T17:22:32","guid":{"rendered":"http:\/\/hardycoaching.fr\/?page_id=354"},"modified":"2022-08-08T14:58:08","modified_gmt":"2022-08-08T12:58:08","slug":"recommandations-clients-temoignages-solutions-et-expertise","status":"publish","type":"page","link":"https:\/\/hardycoaching.fr\/index.php\/recommandations-clients-temoignages-solutions-et-expertise\/","title":{"rendered":"Recommandations"},"content":{"rendered":"<h1><a href=\"http:\/\/hardycoaching.fr\/\"><strong>SOLUTIONS CLIENTS<\/strong><\/a><\/h1>\n<h1><img loading=\"lazy\" class=\"size-medium wp-image-561 alignright\" src=\"http:\/\/hardycoaching.fr\/wp-content\/uploads\/2019\/01\/BRAVO-MERCI-1-300x150.jpg\" alt=\"confiance clients hardy coaching\" width=\"300\" height=\"150\" srcset=\"https:\/\/hardycoaching.fr\/wp-content\/uploads\/2019\/01\/BRAVO-MERCI-1-300x150.jpg 300w, https:\/\/hardycoaching.fr\/wp-content\/uploads\/2019\/01\/BRAVO-MERCI-1.jpg 318w\" sizes=\"(max-width: 300px) 100vw, 300px\" \/><\/h1>\n<h1><\/h1>\n<h1><\/h1>\n<h1><strong>Je les remercie pour leur CONFIANCE :<\/strong><\/h1>\n<p><strong><a href=\"http:\/\/www.capiconsult.com\/\">CAPI Consult<\/a> &#8211; <a href=\"https:\/\/www.bureauveritas.fr\/\">Bureau V\u00e9ritas<\/a> &#8211; <a href=\"https:\/\/ocealia-groupe.fr\/\">OCEALIA<\/a> &#8211; <a href=\"https:\/\/france.leroymerlin.com\/fr\">LEROY MERLIN<\/a> &#8211; <a href=\"http:\/\/lconnect.fr\/Welcome\">L&rsquo;Connect<\/a> &#8211; <a href=\"https:\/\/www.10-pourcent-environnement-33.fr\/\">10% Environnement<\/a> &#8211; <a href=\"http:\/\/www.irtsaquitaine.fr\/\">IRTS<\/a> &#8211; <a href=\"https:\/\/www.univers-formation.fr\/\">Univers Formation<\/a> &#8211; <a href=\"http:\/\/www.institut-don-bosco.fr\/\">Institut Don Bosco<\/a> &#8211; <a href=\"https:\/\/www.cc-sudvendeelittoral.fr\/\">Communaut\u00e9 de Communes Sud Vend\u00e9e Littoral<\/a> &#8211; <a href=\"http:\/\/www.xperis.fr\/\">XPERIS<\/a> &#8211; <a href=\"https:\/\/www.netto.fr\/qui-sommes-nous\">NETTO<\/a> &#8211; APSH Association d&rsquo;Accompagnement Personnalis\u00e9 et de Soutien \u00e0 l&rsquo;Habitat 85 &#8211; <a href=\"https:\/\/www.euroinfo.fr\/\">Euro Informatique<\/a> &#8211; Mc Donald&rsquo;s &#8211; <a href=\"http:\/\/www.5eagence.com\">La 5e agence<\/a> &#8211; <a href=\"http:\/\/www.applicadrone.fr\">Applicadrone<\/a> &#8211; <a href=\"http:\/\/www.soc.fr\/\">SOC<\/a> &#8211; <a href=\"https:\/\/www.cdcdubazadais.fr\/\">Communaut\u00e9 de Communes du Bazadais<\/a> &#8211; <a href=\"https:\/\/www.ziggourat.com\/\">Zigourrat<\/a> &#8211; <a href=\"http:\/\/jobsearchuniverse.com\/fr\/\">JobSearchUniverse<\/a> &#8211; <a href=\"http:\/\/www.eosconcept.fr\/\">EOS CONCEPT<\/a> &#8211; <a href=\"https:\/\/www.banque-courtois.fr\/instit\/IPI\/appmanager\/banque\/accueil\">Banque Courtois<\/a> &#8211; <a href=\"https:\/\/www.fargues-saint-hilaire.fr\/\">Mairie de Fargues Saint Hilaire<\/a> &#8211;<a href=\"https:\/\/ca-proteine.fr\/\"> Club d&rsquo;affaires Prote\u00efne<\/a> &#8211; <a href=\"https:\/\/terredevignerons.com\/\">Terre de vignerons<\/a> &#8211; <a href=\"https:\/\/www.loomis.com\/sv\">LOOMIS<\/a> &#8211; <a href=\"http:\/\/www.mspb.com\/\">MSP Bagatelle<\/a> &#8211; <a href=\"https:\/\/www.chateau-kirwan.com\/\">Ch\u00e2teau Kirwan<\/a> &#8211; <a href=\"https:\/\/www.cap-sciences.net\/\">CAP Sciences<\/a> &#8211; <a href=\"http:\/\/gbna-polycliniques.com\/\">Groupe Bordeaux Nord Aquitaine Polycliniques<\/a> &#8211; <a href=\"https:\/\/www.o-i.com\/fr\/\">OI Manufacturing France<\/a> &#8211; <a href=\"https:\/\/www.igc-construction.fr\/\">IGC Construction<\/a> &#8211; <a href=\"http:\/\/www.vinci-facilities.com\/\">VINCI Facilities<\/a> &#8211;<a href=\"https:\/\/www.polycliniques-pau.fr\/\"> Polyclinique de Navarre et Polyclinique de Marzet<\/a> &#8211; <a href=\"https:\/\/www.albioma.com\/\">Albioma<\/a> &#8211; LOGHOS &#8211; <a href=\"https:\/\/www.monatourisme.fr\/\">MONA<\/a> &#8211; <a href=\"https:\/\/www.orsol.fr\/\">ORSOL<\/a> &#8211; <a href=\"https:\/\/www.france.tv\/\">France TV<\/a> &#8211; <a href=\"https:\/\/centresanimationbordeaux.fr\/\">ACAQB<\/a> &#8211; <a href=\"http:\/\/www.latelierdescoachs.fr\/\">Atelier des Coachs<\/a> &#8211; <a href=\"http:\/\/www.intefp.travail-emploi.gouv.fr\/\">INTEFP<\/a> &#8211; <a href=\"https:\/\/www.courvoisier.com\/fr\/\">Courvoisier<\/a> &#8211; <a href=\"https:\/\/www.lavieadomicile33.fr\/\">La Vie \u00e0 Domicile<\/a> &#8211; <a href=\"https:\/\/www.compani.fr\/\">COMPANI<\/a> &#8211; <a href=\"https:\/\/www.linkedin.com\/in\/annebruge\/?originalSubdomain=fr\">ABCARRIERES<\/a> &#8211; <a href=\"https:\/\/www.teleflex.com\/emea\/fr\/index.html\">TELEFLEX<\/a> &#8211; <a href=\"https:\/\/www.oci.nl\/\">OCI NITROGEN<\/a> &#8211; <a href=\"https:\/\/nouvelle-aquitaine.dreets.gouv.fr\/Dialogue-social\">Observatoire D\u00e9partemental du Dialogue Social<\/a>\u00a0&#8211; <a href=\"https:\/\/annuaire.action-sociale.org\/CAF\/CAF-33063-01-caf-de-gironde---siege-de-bordeaux.html\">CAF<\/a> &#8211; <a href=\"http:\/\/www.ai-17.fr\/\">Association pour l&rsquo;Insertion 17<\/a> &#8211; <a href=\"https:\/\/www.cdiscount.com\/\">CDiscount<\/a> &#8211; <a href=\"https:\/\/www.cataloguecampus.fr\/\">CAMPUS CASINO<\/a> &#8211; <a href=\"https:\/\/www.agiradom.com\">Agiradom<\/a> &#8211; <a href=\"https:\/\/www.dalalu.com\">DALALU<\/a> &#8211; <a href=\"https:\/\/ozbee.fr\">OZBEE<\/a> &#8211; <a href=\"https:\/\/www.laposte.fr\">La Poste<\/a> &#8211; <a href=\"https:\/\/www.azae.com\">AZAE<\/a> &#8211; <a href=\"https:\/\/www.vinci-energies.com\/\">VINCI<\/a> ELECTROMONTAGE &#8211;\u00a0<\/strong><\/p>\n<p><img loading=\"lazy\" class=\" wp-image-557 aligncenter\" src=\"http:\/\/hardycoaching.fr\/wp-content\/uploads\/2019\/01\/nuage-de-mots-satisfaction-clients-300x130.jpg\" alt=\"satisfaction clients hardy coaching\" width=\"460\" height=\"199\" srcset=\"https:\/\/hardycoaching.fr\/wp-content\/uploads\/2019\/01\/nuage-de-mots-satisfaction-clients-300x130.jpg 300w, https:\/\/hardycoaching.fr\/wp-content\/uploads\/2019\/01\/nuage-de-mots-satisfaction-clients.jpg 700w\" sizes=\"(max-width: 460px) 100vw, 460px\" \/><\/p>\n<h1><\/h1>\n<h1><\/h1>\n<h1><strong>Et t\u00e9moignages :<\/strong><\/h1>\n<p><a href=\"_wp_link_placeholder\" data-wplink-edit=\"true\"><strong>H\u00e9l\u00e8ne Desbieys<\/strong><\/a><\/p>\n<p>Directrice de Verdi Conseil Midi Atlantique &#8211; Conseil en b\u00e2timent et en environnement<\/p>\n<p>C\u00e9cile est une coach de grande qualit\u00e9, avec une v\u00e9ritable capacit\u00e9 d&rsquo;\u00e9coute et d&rsquo;analyse, qui permet la prise de recul et la r\u00e9flexion. Son intervention m&rsquo;a permis d&rsquo;\u00eatre bien plus efficace au quotidien, et de gagner en \u00e9nergie. J&rsquo;ai \u00e9galement pu tester sa sp\u00e9cialisation en \u00e9quicoaching qui m&rsquo;a bluff\u00e9e (malgr\u00e9 une certaine aversion pour les chevaux de ma part). Enfin, c&rsquo;est une grande professionnelle avec qui il est agr\u00e9able de travailler.<\/p>\n<p><a href=\"https:\/\/www.linkedin.com\/in\/renaud-subra\/\"><strong>Renaud Subra<\/strong><\/a><\/p>\n<p>Equicoach<\/p>\n<p>C\u00e9cile est une coach tr\u00e8s efficace car humaine, attentive et tr\u00e8s effective. J&rsquo;ai eu la joie de l&rsquo;accueillir dans notre formation \u00ab\u00a0devenir equicoach\u00a0\u00bb o\u00f9 elle a r\u00e9ellement fait ses preuves. Je la recommande pour vos accompagnements.<\/p>\n<p><a href=\"https:\/\/www.linkedin.com\/in\/murielle-bousquet-1906aa113\/\"><strong>Murielle Bousquet<\/strong><\/a><\/p>\n<p>Responsable de l&rsquo;espace conseil assurance chez Cr\u00e9dit Agricole d&rsquo;Aquitaine<\/p>\n<p>J&rsquo;ai v\u00e9cu avec C\u00e9cile un grand moment d&rsquo;\u00e9quicoaching. C\u00e9cile a \u00e9t\u00e9 tr\u00e8s bienveillante, \u00e0 l&rsquo;\u00e9coute, elle m&rsquo;a guid\u00e9e vers le l\u00e2cher prise total et j&rsquo;ai vu tout ce que j&rsquo;\u00e9tais capable de faire quand je pose mon cerveau. Un grand moment de fiert\u00e9 et plein d&rsquo;amour avec Caesar, magnifique cheval. Une exp\u00e9rience qui me servira aussi bien dans ma vie personnelle que professionnelle.<\/p>\n<p><a href=\"https:\/\/www.linkedin.com\/in\/ouze-olivier-6b199325\/\"><strong>Olivier OUZE<\/strong><\/a><\/p>\n<p>Feel Good Manager<\/p>\n<p>C\u00e9cile est une coach fiable, fid\u00e8le \u00e0 ses engagements. Elle a la rigueur requise pour un grand professionnalisme dans ce qu&rsquo;elle entreprend. Cr\u00e9ative, elle invite ses partenaires \u00e0 d\u00e9couvrir de nouvelles approches utiles. Ayant une tr\u00e8s bonne connaissance des relations humaines, elle sait accompagner sans s&rsquo;imposer.<\/p>\n<p><a href=\"https:\/\/www.linkedin.com\/in\/beno%C3%AEt-poinsot-aa9504101\/\"><strong>Beno\u00eet Poinsot<\/strong><\/a><\/p>\n<p>PDG de SOC<\/p>\n<p>C\u00e9cile nous accompagne dans nos d\u00e9marches d&rsquo;am\u00e9lioration de la QVT et du co d\u00e9veloppement. Elle se montre \u00e0 la fois tr\u00e8s professionnelle et proche des \u00e9quipes, ce qui nous permet d&rsquo;acc\u00e9der aux marges de progr\u00e8s. Tout en \u00e9tant agr\u00e9able et disponible !<\/p>\n<p><a href=\"https:\/\/www.linkedin.com\/in\/marylyn-wood-74881685\/\"><strong>Marylyn Wood<\/strong><\/a><\/p>\n<p>Directeur r\u00e9gional chez Banque Courtois<\/p>\n<p>Tr\u00e8s professionnelle, tr\u00e8s \u00e0 l&rsquo;\u00e9coute de ses clients et tr\u00e8s pr\u00e9sente, y compris dans les moments\/situations difficiles. Je recommande C\u00e9cile pour ses grandes qualit\u00e9s humaines.<\/p>\n<p><a href=\"https:\/\/www.linkedin.com\/in\/dorianrenard\/\"><strong>Dorian Renard<\/strong><\/a><\/p>\n<p>Responsable commercial chez CAPI CONSULT<\/p>\n<p>C\u00e9cile est une consultante avec qui je collabore r\u00e9guli\u00e8rement sur des dossiers ou dans des contextes d&rsquo;intervention souvent compliqu\u00e9s. Les retours de mes clients ? Une intervenante comp\u00e9tente et consciencieuse, qui a une r\u00e9elle capacit\u00e9 \u00e0 faire exprimer les choses et \u00e0 d\u00e9nouer les situations conflictuelles ou \u00e0 probl\u00e8mes. Une experte au service du bien-\u00eatre des autres.<\/p>\n<p><a href=\"https:\/\/www.linkedin.com\/in\/ouze-olivier-6b199325\/\"><strong>Olivier Ouze<\/strong><\/a><\/p>\n<p>Feel Good Manager<\/p>\n<p>C\u00e9cile est une excellente facilitatrice de cod\u00e9veloppement professionnel et manag\u00e9rial. Je recommande sa pratique et la pr\u00e9paration du contexte favorisant la construction d&rsquo;un groupe de travail dans la dur\u00e9e.<\/p>\n<p><a href=\"https:\/\/www.linkedin.com\/in\/h%C3%A9l%C3%A8ne-reinold-92ba6259\/\"><strong>H\u00e9l\u00e8ne Reinold<\/strong><\/a><\/p>\n<p>Responsable r\u00e9gionale m\u00e9decine personnalis\u00e9e<\/p>\n<p>C\u00e9cile a spontan\u00e9ment propos\u00e9 gracieusement ses services pour accompagner les anciennes patientes de l&rsquo;association Rose Attitude. Ses qualit\u00e9s humaines et d&rsquo;\u00e9coute ont permis \u00e0 ces femmes de r\u00e9ussir la transition vers la vie d&rsquo;apr\u00e8s. Un grand merci.<\/p>\n<p><a href=\"https:\/\/www.linkedin.com\/in\/marie-dominique-bogo-84859010\/\"><strong>Marie-Dominique Bogo<\/strong><\/a><\/p>\n<p>Directrice de projets SUEZ<\/p>\n<p>C\u00e9cile a men\u00e9 de nombreux projets r\u00e9ussis dans le cadre de collaboration transverse. Elle a de nombreuses comp\u00e9tences compte tenu de la richesse des postes qu&rsquo;elle a occup\u00e9s. Et pour sa mission de coach, toutes ces exp\u00e9riences lui sont pr\u00e9cieuses, tout comme ses qualit\u00e9s relationnelles et de communication, la pertinence de son analyse, sa sagesse et sa discr\u00e9tion.<\/p>\n<p><strong><a href=\"https:\/\/www.linkedin.com\/in\/jean-pierre-elophe-70672274\/\">Jean-Pierre Elophe<\/a><\/strong><\/p>\n<p><a href=\"https:\/\/www.linkedin.com\/in\/jean-pierre-elophe-70672274\/\">Pr\u00e9sident chez JPE CONSEIL<\/a><\/p>\n<p><a href=\"https:\/\/www.linkedin.com\/in\/jean-pierre-elophe-70672274\/\">22 mars 2017, Jean-Pierre \u00e9tait le responsable de C\u00e9cile<\/a><\/p>\n<p>C\u00e9cile est forte d&rsquo;un parcours professionnel r\u00e9ussi d&rsquo;une dur\u00e9e de de 20 ans dans un groupe leader europ\u00e9en de la protection de l&rsquo;environnement. De part les diff\u00e9rentes fonctions exerc\u00e9es, elle ma\u00eetrise parfaitement la communication corporate et de crise ainsi que la gestion du changement et la gestion de projets.<\/p>\n<p><strong><a href=\"https:\/\/www.linkedin.com\/in\/olivier-vignaud-9ba33724\/\">Olivier Vignaud<\/a><\/strong><\/p>\n<p><a href=\"https:\/\/www.linkedin.com\/in\/olivier-vignaud-9ba33724\/\">Responsable commercial chez SITA SUD OUEST &#8211; Groupe SITA\/SUEZ Envt<\/a><\/p>\n<p><a href=\"https:\/\/www.linkedin.com\/in\/olivier-vignaud-9ba33724\/\">15 mars 2017, C\u00e9cile a travaill\u00e9 avec Olivier dans le m\u00eame service<\/a><\/p>\n<p>Disponible, \u00e0 l&rsquo;\u00e9coute, mais aussi pragmatique, C\u00e9cile sait identifier, solliciter et animer un r\u00e9seau relationnel pour rassembler et mobiliser les comp\u00e9tences autour de la r\u00e9ussite d&rsquo;un projet.<br \/>\nSon exp\u00e9rience avec les collectivit\u00e9s et les institutions, associ\u00e9e \u00e0 son savoir-\u00eatre, lui permettent de f\u00e9d\u00e9rer et instaurer des partanariats mais aussi de favoriser les communaut\u00e9s d&rsquo;influence.<\/p>\n<p><strong><a href=\"https:\/\/www.linkedin.com\/in\/isabelle-jouberton-5831b686\/\">Isabelle JOUBERTON<\/a><\/strong><\/p>\n<p><a href=\"https:\/\/www.linkedin.com\/in\/isabelle-jouberton-5831b686\/\">Responsable de l\u2019Animation Commerciale et des Processus Commerciaux chez SUEZ &#8211; Recyclage et Valorisation des d\u00e9chets<\/a><\/p>\n<p><a href=\"https:\/\/www.linkedin.com\/in\/isabelle-jouberton-5831b686\/\">12 mars 2017, Isabelle \u00e9tait le responsable de C\u00e9cile<\/a><\/p>\n<p>C\u00e9cile a \u00e9t\u00e9 un collaboratrice de grande qualit\u00e9 chez SUEZ.<br \/>\nElle notamment d\u00e9velopp\u00e9 une riche exp\u00e9rience en accompagnement des \u00e9quipes lors de la conduite de projets, et a mis au profit du collectif son app\u00e9tence pour des d\u00e9marches innovantes et la mise en oeuvre de solutions op\u00e9rationnelles.<\/p>\n<p><strong><a href=\"https:\/\/www.linkedin.com\/in\/mathieu-mangotte-b52299117\/\">Mathieu Mangotte<\/a><\/strong><\/p>\n<p><a href=\"https:\/\/www.linkedin.com\/in\/mathieu-mangotte-b52299117\/\">Directeur de Pole m\u00e9tier ASM et HSE zone IDF<\/a><\/p>\n<p><a href=\"https:\/\/www.linkedin.com\/in\/mathieu-mangotte-b52299117\/\">7 mars 2017, C\u00e9cile a travaill\u00e9 avec Mathieu dans le m\u00eame service<\/a><\/p>\n<p>I had the privilege to meet and work with C\u00e9cile, for over two years. She is a great professional, always looking for new ideas and proposals many result in developing commercial activities, and respond in advance to customer needs.<\/p>\n<p>Her analytical and synthetic make a quality person. I can obviously only highly recommend C\u00e9cile as a unique individual and an excellent addition to any team, to all marketing approaches in the Asset Management, particularly in alternative investments and innovation.<\/p>\n<p>On top of her business abilities, her open and cheerful personality will easily fit with any organization.<\/p>\n<p><strong><a href=\"https:\/\/www.linkedin.com\/in\/sophie-florin-26ba22112\/\">Sophie FLORIN<\/a><\/strong><\/p>\n<p><a href=\"https:\/\/www.linkedin.com\/in\/sophie-florin-26ba22112\/\">Strategic Marketing Manager<\/a><\/p>\n<p><a href=\"https:\/\/www.linkedin.com\/in\/sophie-florin-26ba22112\/\">6 mars 2017, C\u00e9cile a travaill\u00e9 avec Sophie dans le m\u00eame service<\/a><\/p>\n<p>j&rsquo;ai travaill\u00e9 avec C\u00e9cile sur des sujets marketing nationaux et strat\u00e9giques; nos \u00e9changes ont toujours \u00e9t\u00e9 fructueux et positifs car C\u00e9cile est une professionnelle sur ces sujets souvent transverses; elle sait coordonner, aller \u00e0 l&rsquo;essentiel et synth\u00e9tiser, elle sait convaincre par son engagement et son \u00e9nergie, le tout avec bienveillance; je recommande aussi C\u00e9cile dans les projets de transformation, d&rsquo;innovation et de prospective;<\/p>\n<p><strong><a href=\"https:\/\/www.linkedin.com\/in\/vincent-mayeux-7a246790\/\">Vincent Mayeux<\/a><\/strong><\/p>\n<p><a href=\"https:\/\/www.linkedin.com\/in\/vincent-mayeux-7a246790\/\">Entrepreneur<\/a><\/p>\n<p><a href=\"https:\/\/www.linkedin.com\/in\/vincent-mayeux-7a246790\/\">6 mars 2017, Vincent a travaill\u00e9 avec C\u00e9cile dans des services diff\u00e9rents<\/a><\/p>\n<p>J&rsquo;ai eu l&rsquo;occasion de travailler avec C\u00e9cile sur de nombreux sujets dans le domaine des collectivit\u00e9s et de leur gestion des d\u00e9chets.<br \/>\nNous avons r\u00e9alis\u00e9 le montage de clubs clients, d&rsquo;enqu\u00eates de satisfaction et de confiance clients. De m\u00eame, l&rsquo;analyse de ces enqu\u00eates et les restitutions associ\u00e9es ont \u00e9t\u00e9 b\u00e2ties en collaboration avec C\u00e9cile.<br \/>\nCes occasions de collaboration avec C\u00e9cile m&rsquo;ont beaucoup appris sur l&rsquo;approche marketing et communication \u00e0 adopter vis-\u00e0-vis des collectivit\u00e9s qui sont d\u00e9finitivement des clients diff\u00e9rents des entreprises. Leurs enjeux, leurs pas de temps, leurs circuits de d\u00e9cision sont tellement diff\u00e9rents.<br \/>\nGr\u00e2ce \u00e0 C\u00e9cile nous avons rencontr\u00e9 un franc succ\u00e8s pour chacun de ces projets et \u00e9v\u00e9nements.<br \/>\nSa capacit\u00e9 d&rsquo;\u00e9coute est un atout qu&rsquo;elle utilise avec perspicacit\u00e9. Jamais je n&rsquo;ai eu l&rsquo;impression d&rsquo;\u00eatre seul ou inaudible lors de nos s\u00e9ances de travail. Ce f\u00fbt \u00e0 chaque fois de vrai moments de partage et de co-construction.<\/p>\n<p><strong><a href=\"https:\/\/www.linkedin.com\/in\/sandrine-catteau-b79783122\/\">Sandrine Catteau<\/a><\/strong><\/p>\n<p><a href=\"https:\/\/www.linkedin.com\/in\/sandrine-catteau-b79783122\/\">Responsable marketing et performance commerciale chez SUEZ<\/a><\/p>\n<p><a href=\"https:\/\/www.linkedin.com\/in\/sandrine-catteau-b79783122\/\">2 mars 2017, C\u00e9cile a travaill\u00e9 avec Sandrine dans le m\u00eame service<\/a><\/p>\n<p>C\u00e9cile est particuli\u00e8rement performante dans la conduite de projets diff\u00e9renciants men\u00e9s en mode collaboratif. Elle a ainsi accompagn\u00e9 les d\u00e9veloppements de nouveaux outils et d\u2019offres cr\u00e9atrices de valeur pour ses clients.<\/p>\n<p><strong><a href=\"https:\/\/www.linkedin.com\/in\/marie-dominique-bogo-84859010\/?lipi=urn%3Ali%3Apage%3Ad_flagship3_profile_view_base%3B82xtiMIXRdGt8figa9iimw%3D%3D&amp;licu=urn%3Ali%3Acontrol%3Ad_flagship3_profile_view_base-recommendation_details_profile\">Marie-Dominique Bogo<\/a><\/strong><\/p>\n<p><a href=\"https:\/\/www.linkedin.com\/in\/marie-dominique-bogo-84859010\/?lipi=urn%3Ali%3Apage%3Ad_flagship3_profile_view_base%3B82xtiMIXRdGt8figa9iimw%3D%3D&amp;licu=urn%3Ali%3Acontrol%3Ad_flagship3_profile_view_base-recommendation_details_profile\">Directeur Projets &#8211; Innovations- \u00c9conomie Circulaire &#8211; Recyclage et Valorisation<\/a><\/p>\n<p><a href=\"https:\/\/www.linkedin.com\/in\/marie-dominique-bogo-84859010\/?lipi=urn%3Ali%3Apage%3Ad_flagship3_profile_view_base%3B82xtiMIXRdGt8figa9iimw%3D%3D&amp;licu=urn%3Ali%3Acontrol%3Ad_flagship3_profile_view_base-recommendation_details_profile\">15 avril 2017, Marie-Dominique occupait une fonction plus \u00e9lev\u00e9e que C\u00e9cile mais n\u2019\u00e9tait pas son responsable<\/a><\/p>\n<p>C\u00e9cile a men\u00e9 de nombreux projets r\u00e9ussis dans le cadre de notre collaboration transverse. elle a de nombreuses comp\u00e9tences compte tenu de la richesse des postes qu&rsquo;elle a occup\u00e9s. Et pour sa nouvelle mission de coach, toutes ces exp\u00e9riences lui seront pr\u00e9cieuses qu&rsquo;elle pourra croiser avec ses qualit\u00e9s, relationnelles et de communication, la pertinence de son analyse et sa sagesse et sa discr\u00e9tion.<\/p>\n<p><strong><a href=\"https:\/\/www.linkedin.com\/in\/aur%C3%A9lie-nurit-85661658\/?lipi=urn%3Ali%3Apage%3Ad_flagship3_profile_view_base%3B82xtiMIXRdGt8figa9iimw%3D%3D&amp;licu=urn%3Ali%3Acontrol%3Ad_flagship3_profile_view_base-recommendation_details_profile\">Aur\u00e9lie NURIT<\/a><\/strong><\/p>\n<p><a href=\"https:\/\/www.linkedin.com\/in\/aur%C3%A9lie-nurit-85661658\/?lipi=urn%3Ali%3Apage%3Ad_flagship3_profile_view_base%3B82xtiMIXRdGt8figa9iimw%3D%3D&amp;licu=urn%3Ali%3Acontrol%3Ad_flagship3_profile_view_base-recommendation_details_profile\">REFERENT DE PARCOURS PLIE chez INSUP &#8211; MAISON DE L &lsquo;EMPLOI DE BORDEAUX<\/a><\/p>\n<p><a href=\"https:\/\/www.linkedin.com\/in\/aur%C3%A9lie-nurit-85661658\/?lipi=urn%3Ali%3Apage%3Ad_flagship3_profile_view_base%3B82xtiMIXRdGt8figa9iimw%3D%3D&amp;licu=urn%3Ali%3Acontrol%3Ad_flagship3_profile_view_base-recommendation_details_profile\">8 novembre 2017, Aur\u00e9lie \u00e9tait un client de C\u00e9cile<\/a><\/p>\n<p>C\u00e9cile est une coach qui a su faire preuve d&rsquo;\u00e9coute, de patience et de bienveillance. Elle propose un accompagnement adapt\u00e9 avec des outils int\u00e9ressants et coh\u00e9rents. Son humanit\u00e9 transpara\u00eet \u00e0 travers son accompagnement , je ne peux que la recommander!<\/p>\n<p><strong><a href=\"https:\/\/www.linkedin.com\/in\/h%C3%A9l%C3%A8ne-reinold-92ba6259\/\">H\u00e9l\u00e8ne Reinold<\/a><\/strong><\/p>\n<p><a href=\"https:\/\/www.linkedin.com\/in\/h%C3%A9l%C3%A8ne-reinold-92ba6259\/\">Chef de projet Roche Foundation Medecine (mission) chez Roche<\/a><\/p>\n<p><a href=\"https:\/\/www.linkedin.com\/in\/h%C3%A9l%C3%A8ne-reinold-92ba6259\/\">10 mai 2017, H\u00e9l\u00e8ne a travaill\u00e9 avec C\u00e9cile, mais dans des entreprises diff\u00e9rentes<\/a><\/p>\n<p>C\u00e9cile a spontan\u00e9ment propos\u00e9 ses services pour accompagner les anciennes patientes de l&rsquo;association Rose Attitude. Ses qualit\u00e9s humaines et d&rsquo;\u00e9coute ont permis \u00e0 ces femmes de r\u00e9ussir la transition vers la vie d&rsquo;apr\u00e8s. Un grand merci \u00e0 C\u00e9cile et n&rsquo;h\u00e9sitez pas \u00e0 faire appel son coaching.<\/p>\n<p><strong><a href=\"https:\/\/www.linkedin.com\/in\/christellet\/\">Christelle Tuin<\/a><\/strong><\/p>\n<p><a href=\"https:\/\/www.linkedin.com\/in\/christellet\/\">SENIOR DESIGNER<\/a><\/p>\n<p><a href=\"https:\/\/www.linkedin.com\/in\/christellet\/\">28 avril 2017, Christelle \u00e9tait un client de C\u00e9cile<\/a><\/p>\n<p>Exceptionnelle exp\u00e9rience avec C\u00e9cile dont j&rsquo;ai \u00e9t\u00e9 cliente. Sessions de coaching concr\u00e8tes avec des explications claires et des exercices pratiques appropri\u00e9s. Ce que j&rsquo;ai appris me sert efficacement dans la vie de tous les jours, autant sur le plan professionnel que personnel. Je recommande vivement. Merci C\u00e9cile<\/p>\n","protected":false},"excerpt":{"rendered":"<p>SOLUTIONS CLIENTS Je les remercie pour leur CONFIANCE : CAPI Consult &#8211; Bureau V\u00e9ritas &#8211; OCEALIA &#8211; LEROY MERLIN &#8211; L&rsquo;Connect &#8211; 10% Environnement &#8211; IRTS &#8211; Univers Formation &#8211; Institut Don Bosco &#8211; Communaut\u00e9 de Communes Sud Vend\u00e9e Littoral &#8211; XPERIS &#8211; NETTO &#8211; APSH Association d&rsquo;Accompagnement Personnalis\u00e9 et de Soutien \u00e0 l&rsquo;Habitat 85 &#8211; Euro Informatique &#8211; Mc Donald&rsquo;s &#8211; La 5e agence &#8211; Applicadrone &#8211; SOC &#8211; Communaut\u00e9 de Communes du Bazadais &#8211; Zigourrat &#8211; JobSearchUniverse &#8211; EOS CONCEPT &#8211; Banque Courtois &#8211; Mairie de Fargues Saint Hilaire &#8211; Club d&rsquo;affaires Prote\u00efne &#8211; Terre de vignerons &#8211; LOOMIS &#8211; MSP Bagatelle &#8211; Ch\u00e2teau Kirwan &#8211; CAP Sciences&hellip; <a class=\"read-more\" href=\"https:\/\/hardycoaching.fr\/index.php\/recommandations-clients-temoignages-solutions-et-expertise\/\">Montrer plus<\/a><\/p>\n","protected":false},"author":1,"featured_media":556,"parent":0,"menu_order":0,"comment_status":"closed","ping_status":"closed","template":"","meta":[],"_links":{"self":[{"href":"https:\/\/hardycoaching.fr\/index.php\/wp-json\/wp\/v2\/pages\/354"}],"collection":[{"href":"https:\/\/hardycoaching.fr\/index.php\/wp-json\/wp\/v2\/pages"}],"about":[{"href":"https:\/\/hardycoaching.fr\/index.php\/wp-json\/wp\/v2\/types\/page"}],"author":[{"embeddable":true,"href":"https:\/\/hardycoaching.fr\/index.php\/wp-json\/wp\/v2\/users\/1"}],"replies":[{"embeddable":true,"href":"https:\/\/hardycoaching.fr\/index.php\/wp-json\/wp\/v2\/comments?post=354"}],"version-history":[{"count":28,"href":"https:\/\/hardycoaching.fr\/index.php\/wp-json\/wp\/v2\/pages\/354\/revisions"}],"predecessor-version":[{"id":22637,"href":"https:\/\/hardycoaching.fr\/index.php\/wp-json\/wp\/v2\/pages\/354\/revisions\/22637"}],"wp:featuredmedia":[{"embeddable":true,"href":"https:\/\/hardycoaching.fr\/index.php\/wp-json\/wp\/v2\/media\/556"}],"wp:attachment":[{"href":"https:\/\/hardycoaching.fr\/index.php\/wp-json\/wp\/v2\/media?parent=354"}],"curies":[{"name":"wp","href":"https:\/\/api.w.org\/{rel}","templated":true}]}}