{"id":403,"date":"2018-03-12T14:06:17","date_gmt":"2018-03-12T13:06:17","guid":{"rendered":"http:\/\/hardycoaching.fr\/?page_id=403"},"modified":"2022-08-08T12:30:00","modified_gmt":"2022-08-08T10:30:00","slug":"equi-coaching","status":"publish","type":"page","link":"https:\/\/hardycoaching.fr\/index.php\/equi-coaching\/","title":{"rendered":"EQUI-COACHING"},"content":{"rendered":"<h1><strong>OPTIMISER LE MANAGEMENT GRACE AUX CHEVAUX<\/strong><\/h1>\n<h2><strong>Une <a href=\"https:\/\/www.youtube.com\/watch?v=_bg4UAEwLTA&amp;feature=youtu.be&amp;fbclid=IwAR3wvmXt387NetSieAq0CHcvTPKOsno4-JsGxLHjRfiJQsBDiu2xVrF8Nz8\">formation innovante<\/a>, dans laquelle le cheval est le miroir de votre <a href=\"https:\/\/www.linkedin.com\/pulse\/d%C3%A9velopper-son-intelligence-%C3%A9motionnelle-est-pour-r%C3%A9ussir-hardy\/\">intelligence \u00e9motionnelle et de vos softskills.<\/a><\/strong><\/h2>\n<h3>Cette <a href=\"http:\/\/hardycoaching.fr\/index.php\/accompagnement-personnalise\/\">approche sur mesure<\/a>, pour les dirigeants, managers et cadres, donne \u00e0 chaque participant des outils lui permettant de parvenir \u00e0 une meilleure connaissance de soi, \u00e0 l&rsquo;optimisation de sa communication, \u00e0 la gestion de son stress, et \u00e0 l&rsquo;am\u00e9lioration de l&rsquo;affirmation de soi, dans le respect des valeurs des autres.<\/h3>\n<h3>Les b\u00e9n\u00e9fices se voient dans <a href=\"https:\/\/www.linkedin.com\/pulse\/comment-etre-plus-efficace-dans-ses-demandes-c\u00e9cile-hardy\/\">la capacit\u00e9 \u00e0 faire une demande<\/a>, \u00e0 v\u00e9rifier sa compr\u00e9hension, \u00e0 <a href=\"https:\/\/www.linkedin.com\/pulse\/boostez-votre-leadership-c%C3%A9cile-hardy\/\">renforcer son leadership<\/a>, \u00e0 <a href=\"https:\/\/www.linkedin.com\/pulse\/conduite-du-changement-les-5-cl%C3%A9s-succ%C3%A9s-c%C3%A9cile-hardy\/\">entretenir la motivation chez l&rsquo;autre<\/a>, mais aussi \u00e0 g\u00e9rer les rapports de force dans le calme et prendre des d\u00e9cisions rapides.<\/h3>\n<h2 style=\"text-align: center;\"><strong>COMMUNICATION &#8211; SOFTSKILLS &#8211; LEADERSHIP<\/strong><\/h2>\n<h3><img loading=\"lazy\" class=\"size-medium wp-image-410 alignright\" src=\"http:\/\/hardycoaching.fr\/wp-content\/uploads\/2018\/03\/IMG_0660-300x300.jpg\" alt=\"\" width=\"300\" height=\"300\" srcset=\"https:\/\/hardycoaching.fr\/wp-content\/uploads\/2018\/03\/IMG_0660-300x300.jpg 300w, https:\/\/hardycoaching.fr\/wp-content\/uploads\/2018\/03\/IMG_0660-150x150.jpg 150w, https:\/\/hardycoaching.fr\/wp-content\/uploads\/2018\/03\/IMG_0660-120x120.jpg 120w, https:\/\/hardycoaching.fr\/wp-content\/uploads\/2018\/03\/IMG_0660.jpg 511w\" sizes=\"(max-width: 300px) 100vw, 300px\" \/><\/h3>\n<h3><strong>Le cheval est un r\u00e9v\u00e9lateur<\/strong> : sp\u00e9cialiste des \u00e9motions, le cheval sait lire et ressentir tout ce qui l&rsquo;entoure. V\u00e9ritable scan, vous ne pouvez lui mentir ni jouer un r\u00f4le autre que le v\u00f4tre.<\/h3>\n<h3><strong>Le cheval : action \/ r\u00e9action :<\/strong>\u00a0 Les mises en situation vous permettent de mesurer imm\u00e9diatement votre strat\u00e9gie et votre communication. <a href=\"http:\/\/hardycoaching.fr\/\">Apr\u00e8s analyse des r\u00e9ponses du cheval avec votre coach, chaque participant peut r\u00e9orienter son action pour atteindre son objectif<\/a>.<\/h3>\n<h2><strong>Quand le cheval murmure \u00e0 vos oreilles&#8230;<\/strong><\/h2>\n<h3>Pour cette formation hors des sentiers battus, oubliez votre carnet de notes et votre rang hi\u00e9rarchique. Prenez vos bottes et un kilo de carottes.<\/h3>\n<h3>En individuel ou en \u00e9quipe, l&rsquo;\u00e9quicoaching est accessible \u00e0 tous, en toute s\u00e9curit\u00e9, et ne requiert aucune comp\u00e9tence \u00e9questre. Le travail se fait en ext\u00e9rieur, \u00e0 pied, aux c\u00f4t\u00e9s du cheval et du coach.<\/h3>\n<h3><a href=\"https:\/\/www.linkedin.com\/pulse\/vous-avez-le-pouvoir-dagrandir-votre-zone-de-confort-c%C3%A9cile-hardy\/\">Un univers diff\u00e9rent, peut \u00eatre inconnu, que vous allez explorer avec succ\u00e8s<\/a> ; vous repartez avec un sentiment de fiert\u00e9, facteur de l&rsquo;am\u00e9lioration de l&rsquo;estime de soi et moteur de la r\u00e9ussite.<\/h3>\n<h3>Pour les stagiaires ayant une appr\u00e9hension des chevaux, votre coach-formatrice saura vous mettre en confiance.<\/h3>\n<h3><a href=\"https:\/\/youtu.be\/_bg4UAEwLTA\"><em>D\u00e9couvrez l&rsquo;equicoaching en vid\u00e9o en cliquant ici !<\/em><\/a><\/h3>\n<h3><img loading=\"lazy\" class=\"size-medium wp-image-409 alignleft\" src=\"http:\/\/hardycoaching.fr\/wp-content\/uploads\/2018\/03\/cristalle-300x199.jpg\" alt=\"\" width=\"300\" height=\"199\" srcset=\"https:\/\/hardycoaching.fr\/wp-content\/uploads\/2018\/03\/cristalle-300x199.jpg 300w, https:\/\/hardycoaching.fr\/wp-content\/uploads\/2018\/03\/cristalle-768x509.jpg 768w, https:\/\/hardycoaching.fr\/wp-content\/uploads\/2018\/03\/cristalle-1024x678.jpg 1024w, https:\/\/hardycoaching.fr\/wp-content\/uploads\/2018\/03\/cristalle.jpg 1034w\" sizes=\"(max-width: 300px) 100vw, 300px\" \/><\/h3>\n<h3><\/h3>\n<h3><strong>Lieux<\/strong> : en individuel ou en \u00e9quipe, contactez-nous pour d\u00e9couvrir les formules adapt\u00e9es \u00e0 vos besoins.<\/h3>\n<h3><\/h3>\n<h3><\/h3>\n<h3><\/h3>\n<p><em>R\u00e8gles de s\u00e9curit\u00e9\u00a0<\/em><\/p>\n<p><em>Le cheval vit dans un monde sensoriel diff\u00e9rent du n\u00f4tre ; il convient d&rsquo;en tenir compte :<\/em><\/p>\n<ul>\n<li><em>mod\u00e9rer vos gestes et paroles \u00e0 proximit\u00e9 du cheval<\/em><\/li>\n<li><em>ne pas passer juste derri\u00e8re lui\u00a0<\/em><\/li>\n<li><em>avoir en permanence le cheval dans son champ de vision<\/em><\/li>\n<li>respecter son int\u00e9grit\u00e9<\/li>\n<\/ul>\n","protected":false},"excerpt":{"rendered":"<p>OPTIMISER LE MANAGEMENT GRACE AUX CHEVAUX Une formation innovante, dans laquelle le cheval est le miroir de votre intelligence \u00e9motionnelle et de vos softskills. Cette approche sur mesure, pour les dirigeants, managers et cadres, donne \u00e0 chaque participant des outils lui permettant de parvenir \u00e0 une meilleure connaissance de soi, \u00e0 l&rsquo;optimisation de sa communication, \u00e0 la gestion de son stress, et \u00e0 l&rsquo;am\u00e9lioration de l&rsquo;affirmation de soi, dans le respect des valeurs des autres. Les b\u00e9n\u00e9fices se voient dans la capacit\u00e9 \u00e0 faire une demande, \u00e0 v\u00e9rifier sa compr\u00e9hension, \u00e0 renforcer son leadership, \u00e0 entretenir la motivation chez l&rsquo;autre, mais aussi \u00e0 g\u00e9rer les rapports de force dans le&hellip; <a class=\"read-more\" href=\"https:\/\/hardycoaching.fr\/index.php\/equi-coaching\/\">Montrer plus<\/a><\/p>\n","protected":false},"author":1,"featured_media":0,"parent":0,"menu_order":0,"comment_status":"closed","ping_status":"closed","template":"","meta":[],"_links":{"self":[{"href":"https:\/\/hardycoaching.fr\/index.php\/wp-json\/wp\/v2\/pages\/403"}],"collection":[{"href":"https:\/\/hardycoaching.fr\/index.php\/wp-json\/wp\/v2\/pages"}],"about":[{"href":"https:\/\/hardycoaching.fr\/index.php\/wp-json\/wp\/v2\/types\/page"}],"author":[{"embeddable":true,"href":"https:\/\/hardycoaching.fr\/index.php\/wp-json\/wp\/v2\/users\/1"}],"replies":[{"embeddable":true,"href":"https:\/\/hardycoaching.fr\/index.php\/wp-json\/wp\/v2\/comments?post=403"}],"version-history":[{"count":15,"href":"https:\/\/hardycoaching.fr\/index.php\/wp-json\/wp\/v2\/pages\/403\/revisions"}],"predecessor-version":[{"id":22625,"href":"https:\/\/hardycoaching.fr\/index.php\/wp-json\/wp\/v2\/pages\/403\/revisions\/22625"}],"wp:attachment":[{"href":"https:\/\/hardycoaching.fr\/index.php\/wp-json\/wp\/v2\/media?parent=403"}],"curies":[{"name":"wp","href":"https:\/\/api.w.org\/{rel}","templated":true}]}}